{"id":888,"date":"2021-11-23T12:11:29","date_gmt":"2021-11-23T12:11:29","guid":{"rendered":"https:\/\/www.ahmotuote.fi\/?page_id=888"},"modified":"2021-11-23T12:37:00","modified_gmt":"2021-11-23T12:37:00","slug":"terms-of-delivery","status":"publish","type":"page","link":"https:\/\/www.ahmotuote.fi\/en\/terms-of-delivery\/","title":{"rendered":"Terms of delivery"},"content":{"rendered":"<div class=\"fusion-fullwidth fullwidth-box fusion-builder-row-1 fusion-flex-container nonhundred-percent-fullwidth non-hundred-percent-height-scrolling\" style=\"--awb-border-radius-top-left:0px;--awb-border-radius-top-right:0px;--awb-border-radius-bottom-right:0px;--awb-border-radius-bottom-left:0px;--awb-flex-wrap:wrap;\" ><div class=\"fusion-builder-row fusion-row fusion-flex-align-items-flex-start fusion-flex-content-wrap\" style=\"max-width:1019.2px;margin-left: calc(-4% \/ 2 );margin-right: calc(-4% \/ 2 );\"><div class=\"fusion-layout-column fusion_builder_column fusion-builder-column-0 fusion_builder_column_1_1 1_1 fusion-flex-column\" style=\"--awb-bg-size:cover;--awb-width-large:100%;--awb-margin-top-large:0px;--awb-spacing-right-large:1.92%;--awb-margin-bottom-large:20px;--awb-spacing-left-large:1.92%;--awb-width-medium:100%;--awb-order-medium:0;--awb-spacing-right-medium:1.92%;--awb-spacing-left-medium:1.92%;--awb-width-small:100%;--awb-order-small:0;--awb-spacing-right-small:1.92%;--awb-spacing-left-small:1.92%;\"><div class=\"fusion-column-wrapper fusion-column-has-shadow fusion-flex-justify-content-flex-start fusion-content-layout-column\"><div class=\"fusion-title title fusion-title-1 fusion-sep-none fusion-title-text fusion-title-size-one\" style=\"--awb-margin-top-small:10px;--awb-margin-right-small:0px;--awb-margin-bottom-small:10px;--awb-margin-left-small:0px;\"><h1 class=\"fusion-title-heading title-heading-left\" style=\"margin:0;\">Ahmotuote Oy terms of Delivery<\/h1><\/div><div class=\"fusion-text fusion-text-1\"><div>\n<p>Valid from 1.5.2021<\/p>\n<p><strong>Online store<\/strong><\/p>\n<p>Ahmotuote Oy, <span style=\"background-color: rgba(255, 255, 255, 0); color: var(--body_typography-color); font-family: var(--body_typography-font-family); font-size: var(--body_typography-font-size); font-style: var(--body_typography-font-style,normal); font-weight: var(--body_typography-font-weight); letter-spacing: var(--body_typography-letter-spacing);\">VAT indentification number FI05712058<\/span><span style=\"background-color: rgba(255, 255, 255, 0); color: var(--body_typography-color); font-family: var(--body_typography-font-family); font-size: var(--body_typography-font-size); font-style: var(--body_typography-font-style,normal); font-weight: var(--body_typography-font-weight); letter-spacing: var(--body_typography-letter-spacing);\">, Ahertajankaarto 19, <\/span><span style=\"color: var(--body_typography-color); font-family: var(--body_typography-font-family); font-size: var(--body_typography-font-size); font-style: var(--body_typography-font-style,normal); font-weight: var(--body_typography-font-weight); letter-spacing: var(--body_typography-letter-spacing); background-color: rgba(255, 255, 255, 0);\">74130 Iisalmi<\/span><\/p>\n<p>ahmotuote@ahmotuote.fi, tel. <span style=\"background-color: rgba(255, 255, 255, 0); color: var(--body_typography-color); font-family: var(--body_typography-font-family); font-size: var(--body_typography-font-size); font-style: var(--body_typography-font-style,normal); font-weight: var(--body_typography-font-weight); letter-spacing: var(--body_typography-letter-spacing);\">+358 178 202 100,<\/span><\/p>\n<p>sells products to adults or companies of legal age in Finland. Prices are guide prices free in our warehouse without VAT. Packaging and delivery costs are added to the prices. We reserve the right to change prices and delivery costs without prior notice.<\/p>\n<p>Hardened flanges and bushings are in limited stock. Some products are not stored. Large lots are offered separately.<\/p>\n<p>In the technical tables, we have tried to be careful. If they show inaccuracies, we cannot take responsibility. The price list replaces the older price lists.<\/p>\n<p><strong>Ordering<\/strong><\/p>\n<p>The products are ordered on the online store&#8217;s website by transferring them to the shopping cart and paying for the contents of the shopping cart at the checkout service. All customer information is treated confidentially. The contact information requested in connection with the order will not be used for anything other than the delivery of the order or to clarify any ambiguities in it, unless otherwise stated. When ordering from the online store, you are required to read and agree to the current delivery terms.<\/p>\n<p><b>Payment and payment methods<\/b><\/p>\n<p>The payment service is provided by Verifone Finland Oy (0943819-9). Verifone Finland Oy is a payment institution licensed by the Financial Supervisory Authority. Payment transactions are executed in Verifone Finland Oy&#8217;s secure, secure payment environment. Verifone Finland Oy is shown as the recipient of bank and card payments on the account statement and possible card invoices, which forwards the payments to the merchant. With regard to other payment methods, Verifone Finland Oy acts as an intermediary for payment transaction information, in which case Ahmotuote Oy is shown as the recipient of the payment.<\/p>\n<p>Verifone Finland Oy<\/p>\n<p><span style=\"background-color: rgba(255, 255, 255, 0); color: var(--body_typography-color); font-family: var(--body_typography-font-family); font-size: var(--body_typography-font-size); font-style: var(--body_typography-font-style,normal); font-weight: var(--body_typography-font-weight); letter-spacing: var(--body_typography-letter-spacing);\">Vantaankoskentie 14<br \/>\n<\/span><span style=\"background-color: rgba(255, 255, 255, 0); color: var(--body_typography-color); font-family: var(--body_typography-font-family); font-size: var(--body_typography-font-size); font-style: var(--body_typography-font-style,normal); font-weight: var(--body_typography-font-weight); letter-spacing: var(--body_typography-letter-spacing);\">01670 Vantaa<br \/>\n<\/span><\/p>\n<p><span style=\"background-color: rgba(255, 255, 255, 0); color: var(--body_typography-color); font-family: var(--body_typography-font-family); font-size: var(--body_typography-font-size); font-style: var(--body_typography-font-style,normal); font-weight: var(--body_typography-font-weight); letter-spacing: var(--body_typography-letter-spacing);\">Customer service: 020-7535192<br \/>\n<\/span><\/p>\n<p><span style=\"background-color: rgba(255, 255, 255, 0); color: var(--body_typography-color); font-family: var(--body_typography-font-family); font-size: var(--body_typography-font-size); font-style: var(--body_typography-font-style,normal); font-weight: var(--body_typography-font-weight); letter-spacing: var(--body_typography-letter-spacing);\">Email: kuluttaja@verifone.fi<br \/>\n<\/span><\/p>\n<p><span style=\"background-color: rgba(255, 255, 255, 0); color: var(--body_typography-color); font-family: var(--body_typography-font-family); font-size: var(--body_typography-font-size); font-style: var(--body_typography-font-style,normal); font-weight: var(--body_typography-font-weight); letter-spacing: var(--body_typography-letter-spacing);\">www.verifone.fi<\/span><\/p>\n<p>After a successful order, an order confirmation will be sent to your email. To send confirmation messages, you must provide an email address when ordering.<\/p>\n<p><b>Delivery methods and costs<\/b><\/p>\n<p>Your order will be delivered as a postal package. The current packaging and freight costs (20.00 EUR \/ delivery) will be added to the order.<br \/><span style=\"background-color: rgba(255, 255, 255, 0); color: var(--body_typography-color); font-family: var(--body_typography-font-family); font-size: var(--body_typography-font-size); font-style: var(--body_typography-font-style,normal); font-weight: var(--body_typography-font-weight); letter-spacing: var(--body_typography-letter-spacing);\">Orders for orders arriving after 15.00 will be exported separately by post or bus on the same day, price 10.00 EUR \/ delivery.<\/span><\/p>\n<p><strong>Delivery time<\/strong><\/p>\n<p>Our most common delivery times to Finland are 10 working days, depending on the order and delivery method. Product-specific delivery times are stated in connection with product information. We will not be liable for any delays caused by overwhelming cause or for any indirect inconvenience caused by the delays. Deviating delivery times are announced on the front page of the online store.<\/p>\n<p>Some of the products are not stored, delivery is made on time and according to the offer.<\/p>\n<p><b>Right of cancellation and return policy<\/b><\/p>\n<p>The customer has the right to cancel your order within 14 days of receiving the order in accordance with the Consumer Protection Act.<\/p>\n<p>You must indicate your name, address, order date, product in the cancellation notice and it must be sent by e-mail to ahmotuote@ahmotuote.fi or by post to the return address below. The product must be returned by post within 14 days of the cancellation notice in its original condition and original packaging. Return costs are the responsibility of the customer. Attach a copy of the cancellation notice to your product return. If the product has been used, we reserve the right to charge a write-down up to the full price of the product. For returns due to the customer, we charge the postage and freight costs incurred, as well as delivery costs.<\/p>\n<p>If you wish to return or exchange products after the review period, please contact us directly. When returning a delivered order, include your name and contact information and account number for a refund. We will refund the full amount of the product you paid within 14 days of receiving the product if it matches the original product delivered in faultless condition.<\/p>\n<p><strong>Return address<\/strong><\/p>\n<p>Ahmotuote Oy<br \/>\nAhertajankaarto 19, 74130 Iisalmi<br \/><span style=\"background-color: rgba(255, 255, 255, 0); color: var(--body_typography-color); font-family: var(--body_typography-font-family); font-size: var(--body_typography-font-size); font-style: var(--body_typography-font-style,normal); font-weight: var(--body_typography-font-weight); letter-spacing: var(--body_typography-letter-spacing);\">tel. +358 178 202 100<\/span><\/p>\n<p><b>Exceptions to the right of withdrawal<\/b><\/p>\n<p>The right of cancellation does not apply to a product manufactured or modified at the customer&#8217;s request.<\/p>\n<p><b>Unclaimed package<\/b><\/p>\n<p>Non-redemption is not the same as refund or cancellation. For a non-redeemed package that has not been notified separately, we will charge a \u20ac 30.00 processing fee.<\/p>\n<p><b>Problem situations<\/b><\/p>\n<p>If the product is lost or damaged during transport or does not otherwise correspond to your order, you must report the error within 14 days in writing to ahmotuote@ahmotuote.fi or to the address mentioned in the right of cancellation and return conditions or by calling the telephone number mentioned in the contact information. <b>If the package is damaged during transport, a complaint must be made to the company that delivered the product immediately.<\/b><\/p>\n<p>We will replace the defective product with a new one or refund the maximum value of the product we sell.<\/p>\n<p>If the product causes damage, production losses, and other direct or indirect costs, we will not be liable for them.<\/p>\n<\/div>\n<\/div><\/div><\/div><\/div><\/div>\n","protected":false},"excerpt":{"rendered":"","protected":false},"author":2,"featured_media":0,"parent":0,"menu_order":0,"comment_status":"closed","ping_status":"closed","template":"","meta":{"footnotes":""},"class_list":["post-888","page","type-page","status-publish","hentry"],"yoast_head":"<!-- This site is optimized with the Yoast SEO plugin v27.3 - https:\/\/yoast.com\/product\/yoast-seo-wordpress\/ -->\n<title>Terms of delivery - Ahmotuote Oy - voimansiirron komponentit ja koneenosat<\/title>\n<meta name=\"robots\" content=\"index, follow, max-snippet:-1, max-image-preview:large, max-video-preview:-1\" \/>\n<link rel=\"canonical\" href=\"https:\/\/www.ahmotuote.fi\/en\/terms-of-delivery\/\" \/>\n<meta property=\"og:locale\" content=\"en_US\" \/>\n<meta property=\"og:type\" content=\"article\" \/>\n<meta property=\"og:title\" content=\"Terms of delivery - Ahmotuote Oy - voimansiirron komponentit ja koneenosat\" \/>\n<meta property=\"og:url\" content=\"https:\/\/www.ahmotuote.fi\/en\/terms-of-delivery\/\" \/>\n<meta property=\"og:site_name\" content=\"Ahmotuote Oy - voimansiirron komponentit ja koneenosat\" \/>\n<meta property=\"article:modified_time\" content=\"2021-11-23T12:37:00+00:00\" \/>\n<meta name=\"twitter:card\" content=\"summary_large_image\" \/>\n<meta name=\"twitter:label1\" content=\"Est. reading time\" \/>\n\t<meta name=\"twitter:data1\" content=\"6 minutes\" \/>\n<script type=\"application\/ld+json\" class=\"yoast-schema-graph\">{\"@context\":\"https:\\\/\\\/schema.org\",\"@graph\":[{\"@type\":\"WebPage\",\"@id\":\"https:\\\/\\\/www.ahmotuote.fi\\\/en\\\/terms-of-delivery\\\/\",\"url\":\"https:\\\/\\\/www.ahmotuote.fi\\\/en\\\/terms-of-delivery\\\/\",\"name\":\"Terms of delivery - Ahmotuote Oy - voimansiirron komponentit ja koneenosat\",\"isPartOf\":{\"@id\":\"https:\\\/\\\/www.ahmotuote.fi\\\/#website\"},\"datePublished\":\"2021-11-23T12:11:29+00:00\",\"dateModified\":\"2021-11-23T12:37:00+00:00\",\"breadcrumb\":{\"@id\":\"https:\\\/\\\/www.ahmotuote.fi\\\/en\\\/terms-of-delivery\\\/#breadcrumb\"},\"inLanguage\":\"en-US\",\"potentialAction\":[{\"@type\":\"ReadAction\",\"target\":[\"https:\\\/\\\/www.ahmotuote.fi\\\/en\\\/terms-of-delivery\\\/\"]}]},{\"@type\":\"BreadcrumbList\",\"@id\":\"https:\\\/\\\/www.ahmotuote.fi\\\/en\\\/terms-of-delivery\\\/#breadcrumb\",\"itemListElement\":[{\"@type\":\"ListItem\",\"position\":1,\"name\":\"Etusivu\",\"item\":\"https:\\\/\\\/www.ahmotuote.fi\\\/en\\\/\"},{\"@type\":\"ListItem\",\"position\":2,\"name\":\"Terms of delivery\"}]},{\"@type\":\"WebSite\",\"@id\":\"https:\\\/\\\/www.ahmotuote.fi\\\/#website\",\"url\":\"https:\\\/\\\/www.ahmotuote.fi\\\/\",\"name\":\"Ahmotuote Oy - voimansiirron komponentit ja koneenosat\",\"description\":\"Meilt\u00e4 saat laadukkaat voimansiirtokomponentit ja koneenosat. Ota yhteytt\u00e4! Yksitt\u00e4iskappaleista sarjatuotantoon. K\u00e4yt\u00f6ss\u00e4mme on monipuoliset ty\u00f6st\u00f6menetelm\u00e4t. Asiantunteva palvelu. Joustavat ratkaisut. Laaja konekanta. Laadukkaat tuotteet\",\"potentialAction\":[{\"@type\":\"SearchAction\",\"target\":{\"@type\":\"EntryPoint\",\"urlTemplate\":\"https:\\\/\\\/www.ahmotuote.fi\\\/?s={search_term_string}\"},\"query-input\":{\"@type\":\"PropertyValueSpecification\",\"valueRequired\":true,\"valueName\":\"search_term_string\"}}],\"inLanguage\":\"en-US\"}]}<\/script>\n<!-- \/ Yoast SEO plugin. -->","yoast_head_json":{"title":"Terms of delivery - Ahmotuote Oy - voimansiirron komponentit ja koneenosat","robots":{"index":"index","follow":"follow","max-snippet":"max-snippet:-1","max-image-preview":"max-image-preview:large","max-video-preview":"max-video-preview:-1"},"canonical":"https:\/\/www.ahmotuote.fi\/en\/terms-of-delivery\/","og_locale":"en_US","og_type":"article","og_title":"Terms of delivery - Ahmotuote Oy - voimansiirron komponentit ja koneenosat","og_url":"https:\/\/www.ahmotuote.fi\/en\/terms-of-delivery\/","og_site_name":"Ahmotuote Oy - voimansiirron komponentit ja koneenosat","article_modified_time":"2021-11-23T12:37:00+00:00","twitter_card":"summary_large_image","twitter_misc":{"Est. reading time":"6 minutes"},"schema":{"@context":"https:\/\/schema.org","@graph":[{"@type":"WebPage","@id":"https:\/\/www.ahmotuote.fi\/en\/terms-of-delivery\/","url":"https:\/\/www.ahmotuote.fi\/en\/terms-of-delivery\/","name":"Terms of delivery - Ahmotuote Oy - voimansiirron komponentit ja koneenosat","isPartOf":{"@id":"https:\/\/www.ahmotuote.fi\/#website"},"datePublished":"2021-11-23T12:11:29+00:00","dateModified":"2021-11-23T12:37:00+00:00","breadcrumb":{"@id":"https:\/\/www.ahmotuote.fi\/en\/terms-of-delivery\/#breadcrumb"},"inLanguage":"en-US","potentialAction":[{"@type":"ReadAction","target":["https:\/\/www.ahmotuote.fi\/en\/terms-of-delivery\/"]}]},{"@type":"BreadcrumbList","@id":"https:\/\/www.ahmotuote.fi\/en\/terms-of-delivery\/#breadcrumb","itemListElement":[{"@type":"ListItem","position":1,"name":"Etusivu","item":"https:\/\/www.ahmotuote.fi\/en\/"},{"@type":"ListItem","position":2,"name":"Terms of delivery"}]},{"@type":"WebSite","@id":"https:\/\/www.ahmotuote.fi\/#website","url":"https:\/\/www.ahmotuote.fi\/","name":"Ahmotuote Oy - voimansiirron komponentit ja koneenosat","description":"Meilt\u00e4 saat laadukkaat voimansiirtokomponentit ja koneenosat. Ota yhteytt\u00e4! Yksitt\u00e4iskappaleista sarjatuotantoon. K\u00e4yt\u00f6ss\u00e4mme on monipuoliset ty\u00f6st\u00f6menetelm\u00e4t. Asiantunteva palvelu. Joustavat ratkaisut. Laaja konekanta. Laadukkaat tuotteet","potentialAction":[{"@type":"SearchAction","target":{"@type":"EntryPoint","urlTemplate":"https:\/\/www.ahmotuote.fi\/?s={search_term_string}"},"query-input":{"@type":"PropertyValueSpecification","valueRequired":true,"valueName":"search_term_string"}}],"inLanguage":"en-US"}]}},"_links":{"self":[{"href":"https:\/\/www.ahmotuote.fi\/en\/wp-json\/wp\/v2\/pages\/888","targetHints":{"allow":["GET"]}}],"collection":[{"href":"https:\/\/www.ahmotuote.fi\/en\/wp-json\/wp\/v2\/pages"}],"about":[{"href":"https:\/\/www.ahmotuote.fi\/en\/wp-json\/wp\/v2\/types\/page"}],"author":[{"embeddable":true,"href":"https:\/\/www.ahmotuote.fi\/en\/wp-json\/wp\/v2\/users\/2"}],"replies":[{"embeddable":true,"href":"https:\/\/www.ahmotuote.fi\/en\/wp-json\/wp\/v2\/comments?post=888"}],"version-history":[{"count":2,"href":"https:\/\/www.ahmotuote.fi\/en\/wp-json\/wp\/v2\/pages\/888\/revisions"}],"predecessor-version":[{"id":892,"href":"https:\/\/www.ahmotuote.fi\/en\/wp-json\/wp\/v2\/pages\/888\/revisions\/892"}],"wp:attachment":[{"href":"https:\/\/www.ahmotuote.fi\/en\/wp-json\/wp\/v2\/media?parent=888"}],"curies":[{"name":"wp","href":"https:\/\/api.w.org\/{rel}","templated":true}]}}