{"id":883,"date":"2021-11-23T11:39:24","date_gmt":"2021-11-23T11:39:24","guid":{"rendered":"https:\/\/www.ahmotuote.fi\/?page_id=883"},"modified":"2021-11-23T12:08:57","modified_gmt":"2021-11-23T12:08:57","slug":"privacy-policy","status":"publish","type":"page","link":"https:\/\/www.ahmotuote.fi\/en\/privacy-policy\/","title":{"rendered":"Privacy policy"},"content":{"rendered":"<div class=\"fusion-fullwidth fullwidth-box fusion-builder-row-1 fusion-flex-container nonhundred-percent-fullwidth non-hundred-percent-height-scrolling\" style=\"--awb-border-radius-top-left:0px;--awb-border-radius-top-right:0px;--awb-border-radius-bottom-right:0px;--awb-border-radius-bottom-left:0px;--awb-flex-wrap:wrap;\" ><div class=\"fusion-builder-row fusion-row fusion-flex-align-items-flex-start fusion-flex-content-wrap\" style=\"max-width:1019.2px;margin-left: calc(-4% \/ 2 );margin-right: calc(-4% \/ 2 );\"><div class=\"fusion-layout-column fusion_builder_column fusion-builder-column-0 fusion_builder_column_1_1 1_1 fusion-flex-column\" style=\"--awb-bg-size:cover;--awb-width-large:100%;--awb-margin-top-large:0px;--awb-spacing-right-large:1.92%;--awb-margin-bottom-large:20px;--awb-spacing-left-large:1.92%;--awb-width-medium:100%;--awb-order-medium:0;--awb-spacing-right-medium:1.92%;--awb-spacing-left-medium:1.92%;--awb-width-small:100%;--awb-order-small:0;--awb-spacing-right-small:1.92%;--awb-spacing-left-small:1.92%;\"><div class=\"fusion-column-wrapper fusion-column-has-shadow fusion-flex-justify-content-flex-start fusion-content-layout-column\"><div class=\"fusion-title title fusion-title-1 fusion-sep-none fusion-title-text fusion-title-size-one\" style=\"--awb-margin-top-small:10px;--awb-margin-right-small:0px;--awb-margin-bottom-small:10px;--awb-margin-left-small:0px;\"><h1 class=\"fusion-title-heading title-heading-left\" style=\"margin:0;\">Ahmotuote Oy online store privacy policy<\/h1><\/div><div class=\"fusion-text fusion-text-1\"><h3 class=\"fusion-responsive-typography-calculated\" data-fontsize=\"18\" data-lineheight=\"23.4px\">Privacy protection<\/h3>\n<p>The new EU data protection regulation GDPR (http:\/\/www.tietosuoja.fi\/fi\/index\/euntietosuojauudistus.html) gives data subjects more rights to manage their own personal data. The controller and the processor shall take appropriate technical and organizational measures to protect personal data against unauthorized access and against accidental or unlawful destruction, alteration, disclosure, transfer or other unlawful processing.<\/p>\n<p>By continuing to use the online service, you agree to the following privacy statement and use of cookies on the online service. You can manage cookies in your web browser settings.<\/p>\n<h3 class=\"fusion-responsive-typography-calculated\" data-fontsize=\"18\" data-lineheight=\"23.4px\">Online service Privacy Policy<\/h3>\n<p><strong>1 Ahmotuote Oy Contact information<\/strong><br \/>Name Ahmotuote Oy, Y-tunnus: 0571205-8<\/p>\n<p>Address Ahertajankaarto 19, 74130 Iisalmi<\/p>\n<p>Email ahmotuote@ahmotuote.fi<\/p>\n<p>Phone +358 178 202 100<\/p>\n<p><strong>2 Privacy protection requests<\/strong><\/p>\n<p>Contact information for user rights and requests:<\/p>\n<p>ahmotuote@ahmotuote.fi<\/p>\n<p>+358 178 202 100<\/p>\n<p><strong>3 Name of the register<\/strong><\/p>\n<p>Online services user and customer register.<\/p>\n<p><strong>4 <\/strong><span style=\"background-color: rgba(255, 255, 255, 0); color: var(--body_typography-color); font-family: var(--body_typography-font-family); font-size: var(--body_typography-font-size); font-style: var(--body_typography-font-style,normal); letter-spacing: var(--body_typography-letter-spacing);\"><b>Purposes for the processing of personal data<\/b><\/span><\/p>\n<p>To make sure of righteous use of online services at ahmotuote.fi.<\/p>\n<p>Gathering information for developing an online service for customer-driven and presented remarketing.<\/p>\n<p>Forwarding the request for quotation to the controller.<\/p>\n<p><strong>5 Information content of the register<\/strong><\/p>\n<p>Online service users, job seekers, customers, employees<\/p>\n<p>Website user information: Internet Protocol (IP) address, cookie information, terminal type, traffic source, visit time<\/p>\n<p>&#8211; In the request for quotation \/ contact<\/p>\n<p>&#8211; e-mail, telephone number, name, message, subject<\/p>\n<p><strong>Customer register:<\/strong><\/p>\n<p>Possible previous customership data, disclaimer, consent to send email and text messages for information and marketing of the company.<\/p>\n<p><strong>6 <\/strong><span style=\"background-color: rgba(255, 255, 255, 0); color: var(--body_typography-color); font-family: var(--body_typography-font-family); font-size: var(--body_typography-font-size); font-style: var(--body_typography-font-style,normal); letter-spacing: var(--body_typography-letter-spacing);\"><b>Regular sources of information<\/b><\/span><\/p>\n<p>Information provided by a user of the Internet pages in the online service and while browsing.<\/p>\n<p><strong>7 <\/strong><span style=\"background-color: rgba(255, 255, 255, 0); color: var(--body_typography-color); font-family: var(--body_typography-font-family); font-size: var(--body_typography-font-size); font-style: var(--body_typography-font-style,normal); letter-spacing: var(--body_typography-letter-spacing);\"><b>Regular information disclosures<\/b><\/span><\/p>\n<p>Ei luovuteta EU-alueen ulkopuolelle sellaisiin yrityksiin, jotka eiv\u00e4t t\u00e4yt\u00e4 Privacy Shield tai vastaavia GDPR:n asettamia vaatimuksia. Tiedot j\u00e4\u00e4v\u00e4t rekisterinpit\u00e4j\u00e4lle ja henkil\u00f6tietojen k\u00e4sittelij\u00f6ille (Google).<\/p>\n<p><strong>8 <\/strong><span style=\"background-color: rgba(255, 255, 255, 0); color: var(--body_typography-color); font-family: var(--body_typography-font-family); font-size: var(--body_typography-font-size); font-style: var(--body_typography-font-style,normal); letter-spacing: var(--body_typography-letter-spacing);\"><b>Data transfer outside the EU or the EEA<\/b><\/span><\/p>\n<p>The company&#8217;s online service is located on Finnish servers. However, website user data is stored in Google Analytics&#8217; visitor tracking Google&#8217;s cloud environment, which may also be located outside the EEA (Privacy Shield countries).<\/p>\n<p><a href=\"https:\/\/privacy.google.com\/businesses\/adsservices\/\">https:\/\/privacy.google.com\/businesses\/adsservices\/<\/a><\/p>\n<p><strong>9 <\/strong><span style=\"background-color: rgba(255, 255, 255, 0); color: var(--body_typography-color); font-family: var(--body_typography-font-family); font-size: var(--body_typography-font-size); font-style: var(--body_typography-font-style,normal); letter-spacing: var(--body_typography-letter-spacing);\"><b>Protection<\/b><\/span><\/p>\n<p>Secure connection in network services (SSL). Access control to business premises. Requiring authentication from authorized persons (password protection). Google anonymizes user data (Google Analytics) in a secure cloud environment. Visitor tracking data cannot be combined with natural persons without Internet carrier information.<\/p>\n<p><strong>10 Risks<\/strong><\/p>\n<p>Risks related to personal data include: security breaches. Personal data stored in the register is protected e.g. unauthorized access to data and accidental or unlawful destruction, alteration, disclosure, transfer or other unlawful processing of data.<\/p>\n<p><strong>11 <\/strong><span style=\"background-color: rgba(255, 255, 255, 0); color: var(--body_typography-color); font-family: var(--body_typography-font-family); font-size: var(--body_typography-font-size); font-style: var(--body_typography-font-style,normal); letter-spacing: var(--body_typography-letter-spacing);\"><b>Rights of the data subject<\/b><\/span><\/p>\n<ul>\n<li>\n<p>Right of access to personal data<\/p>\n<\/li>\n<li>\n<p><span style=\"background-color: rgba(255, 255, 255, 0); color: var(--body_typography-color); font-family: var(--body_typography-font-family); font-size: var(--body_typography-font-size); font-style: var(--body_typography-font-style,normal); font-weight: var(--body_typography-font-weight); letter-spacing: var(--body_typography-letter-spacing);\">Right to transfer data from one system to another (where applicable)<\/span><\/p>\n<\/li>\n<li>\n<p><span style=\"background-color: rgba(255, 255, 255, 0); color: var(--body_typography-color); font-family: var(--body_typography-font-family); font-size: var(--body_typography-font-size); font-style: var(--body_typography-font-style,normal); font-weight: var(--body_typography-font-weight); letter-spacing: var(--body_typography-letter-spacing);\">Right of objection<\/span><\/p>\n<\/li>\n<li>\n<p><span style=\"background-color: rgba(255, 255, 255, 0); color: var(--body_typography-color); font-family: var(--body_typography-font-family); font-size: var(--body_typography-font-size); font-style: var(--body_typography-font-style,normal); font-weight: var(--body_typography-font-weight); letter-spacing: var(--body_typography-letter-spacing);\">Right to restrict processing<\/span><\/p>\n<\/li>\n<li>\n<p><span style=\"background-color: rgba(255, 255, 255, 0); color: var(--body_typography-color); font-family: var(--body_typography-font-family); font-size: var(--body_typography-font-size); font-style: var(--body_typography-font-style,normal); font-weight: var(--body_typography-font-weight); letter-spacing: var(--body_typography-letter-spacing);\">Right to delete data<\/span><\/p>\n<\/li>\n<li>\n<p><span style=\"background-color: rgba(255, 255, 255, 0); color: var(--body_typography-color); font-family: var(--body_typography-font-family); font-size: var(--body_typography-font-size); font-style: var(--body_typography-font-style,normal); font-weight: var(--body_typography-font-weight); letter-spacing: var(--body_typography-letter-spacing);\">Right to rectification<\/span><\/p>\n<\/li>\n<\/ul>\n<p><span style=\"background-color: rgba(255, 255, 255, 0); color: var(--body_typography-color); font-family: var(--body_typography-font-family); font-size: var(--body_typography-font-size); font-style: var(--body_typography-font-style,normal); font-weight: var(--body_typography-font-weight); letter-spacing: var(--body_typography-letter-spacing);\">The data subject&#8217;s request for rights must be made in writing to the controller by e-mail.<\/span><\/p>\n<p><strong>12 Storage time<\/strong><\/p>\n<p>User-level and transaction-level data stored by Google Analytics will be automatically deleted from Analytics servers after 26 months.<\/p>\n<p>Contacts \/ registrations will be kept for a maximum of two years, after which they will be removed from the registers, unless there are grounds for processing them in accordance with law or regulation. Customer register information will be kept for 3 years from the last participation.<\/p>\n<\/div><\/div><\/div><\/div><\/div>\n","protected":false},"excerpt":{"rendered":"","protected":false},"author":2,"featured_media":0,"parent":0,"menu_order":0,"comment_status":"closed","ping_status":"closed","template":"","meta":{"footnotes":""},"class_list":["post-883","page","type-page","status-publish","hentry"],"yoast_head":"<!-- This site is optimized with the Yoast SEO plugin v27.4 - https:\/\/yoast.com\/product\/yoast-seo-wordpress\/ -->\n<title>Privacy policy - Ahmotuote Oy - voimansiirron komponentit ja koneenosat<\/title>\n<meta name=\"robots\" content=\"index, follow, max-snippet:-1, max-image-preview:large, max-video-preview:-1\" \/>\n<link rel=\"canonical\" href=\"https:\/\/www.ahmotuote.fi\/en\/privacy-policy\/\" \/>\n<meta property=\"og:locale\" content=\"en_US\" \/>\n<meta property=\"og:type\" content=\"article\" \/>\n<meta property=\"og:title\" content=\"Privacy policy - Ahmotuote Oy - voimansiirron komponentit ja koneenosat\" \/>\n<meta property=\"og:url\" content=\"https:\/\/www.ahmotuote.fi\/en\/privacy-policy\/\" \/>\n<meta property=\"og:site_name\" content=\"Ahmotuote Oy - voimansiirron komponentit ja koneenosat\" \/>\n<meta property=\"article:modified_time\" content=\"2021-11-23T12:08:57+00:00\" \/>\n<meta name=\"twitter:card\" content=\"summary_large_image\" \/>\n<meta name=\"twitter:label1\" content=\"Est. reading time\" \/>\n\t<meta name=\"twitter:data1\" content=\"5 minutes\" \/>\n<script type=\"application\/ld+json\" class=\"yoast-schema-graph\">{\"@context\":\"https:\\\/\\\/schema.org\",\"@graph\":[{\"@type\":\"WebPage\",\"@id\":\"https:\\\/\\\/www.ahmotuote.fi\\\/en\\\/privacy-policy\\\/\",\"url\":\"https:\\\/\\\/www.ahmotuote.fi\\\/en\\\/privacy-policy\\\/\",\"name\":\"Privacy policy - Ahmotuote Oy - voimansiirron komponentit ja koneenosat\",\"isPartOf\":{\"@id\":\"https:\\\/\\\/www.ahmotuote.fi\\\/#website\"},\"datePublished\":\"2021-11-23T11:39:24+00:00\",\"dateModified\":\"2021-11-23T12:08:57+00:00\",\"breadcrumb\":{\"@id\":\"https:\\\/\\\/www.ahmotuote.fi\\\/en\\\/privacy-policy\\\/#breadcrumb\"},\"inLanguage\":\"en-US\",\"potentialAction\":[{\"@type\":\"ReadAction\",\"target\":[\"https:\\\/\\\/www.ahmotuote.fi\\\/en\\\/privacy-policy\\\/\"]}]},{\"@type\":\"BreadcrumbList\",\"@id\":\"https:\\\/\\\/www.ahmotuote.fi\\\/en\\\/privacy-policy\\\/#breadcrumb\",\"itemListElement\":[{\"@type\":\"ListItem\",\"position\":1,\"name\":\"Etusivu\",\"item\":\"https:\\\/\\\/www.ahmotuote.fi\\\/en\\\/\"},{\"@type\":\"ListItem\",\"position\":2,\"name\":\"Privacy policy\"}]},{\"@type\":\"WebSite\",\"@id\":\"https:\\\/\\\/www.ahmotuote.fi\\\/#website\",\"url\":\"https:\\\/\\\/www.ahmotuote.fi\\\/\",\"name\":\"Ahmotuote Oy - voimansiirron komponentit ja koneenosat\",\"description\":\"Meilt\u00e4 saat laadukkaat voimansiirtokomponentit ja koneenosat. Ota yhteytt\u00e4! Yksitt\u00e4iskappaleista sarjatuotantoon. K\u00e4yt\u00f6ss\u00e4mme on monipuoliset ty\u00f6st\u00f6menetelm\u00e4t. Asiantunteva palvelu. Joustavat ratkaisut. Laaja konekanta. Laadukkaat tuotteet\",\"potentialAction\":[{\"@type\":\"SearchAction\",\"target\":{\"@type\":\"EntryPoint\",\"urlTemplate\":\"https:\\\/\\\/www.ahmotuote.fi\\\/?s={search_term_string}\"},\"query-input\":{\"@type\":\"PropertyValueSpecification\",\"valueRequired\":true,\"valueName\":\"search_term_string\"}}],\"inLanguage\":\"en-US\"}]}<\/script>\n<!-- \/ Yoast SEO plugin. -->","yoast_head_json":{"title":"Privacy policy - Ahmotuote Oy - voimansiirron komponentit ja koneenosat","robots":{"index":"index","follow":"follow","max-snippet":"max-snippet:-1","max-image-preview":"max-image-preview:large","max-video-preview":"max-video-preview:-1"},"canonical":"https:\/\/www.ahmotuote.fi\/en\/privacy-policy\/","og_locale":"en_US","og_type":"article","og_title":"Privacy policy - Ahmotuote Oy - voimansiirron komponentit ja koneenosat","og_url":"https:\/\/www.ahmotuote.fi\/en\/privacy-policy\/","og_site_name":"Ahmotuote Oy - voimansiirron komponentit ja koneenosat","article_modified_time":"2021-11-23T12:08:57+00:00","twitter_card":"summary_large_image","twitter_misc":{"Est. reading time":"5 minutes"},"schema":{"@context":"https:\/\/schema.org","@graph":[{"@type":"WebPage","@id":"https:\/\/www.ahmotuote.fi\/en\/privacy-policy\/","url":"https:\/\/www.ahmotuote.fi\/en\/privacy-policy\/","name":"Privacy policy - Ahmotuote Oy - voimansiirron komponentit ja koneenosat","isPartOf":{"@id":"https:\/\/www.ahmotuote.fi\/#website"},"datePublished":"2021-11-23T11:39:24+00:00","dateModified":"2021-11-23T12:08:57+00:00","breadcrumb":{"@id":"https:\/\/www.ahmotuote.fi\/en\/privacy-policy\/#breadcrumb"},"inLanguage":"en-US","potentialAction":[{"@type":"ReadAction","target":["https:\/\/www.ahmotuote.fi\/en\/privacy-policy\/"]}]},{"@type":"BreadcrumbList","@id":"https:\/\/www.ahmotuote.fi\/en\/privacy-policy\/#breadcrumb","itemListElement":[{"@type":"ListItem","position":1,"name":"Etusivu","item":"https:\/\/www.ahmotuote.fi\/en\/"},{"@type":"ListItem","position":2,"name":"Privacy policy"}]},{"@type":"WebSite","@id":"https:\/\/www.ahmotuote.fi\/#website","url":"https:\/\/www.ahmotuote.fi\/","name":"Ahmotuote Oy - voimansiirron komponentit ja koneenosat","description":"Meilt\u00e4 saat laadukkaat voimansiirtokomponentit ja koneenosat. Ota yhteytt\u00e4! Yksitt\u00e4iskappaleista sarjatuotantoon. K\u00e4yt\u00f6ss\u00e4mme on monipuoliset ty\u00f6st\u00f6menetelm\u00e4t. Asiantunteva palvelu. Joustavat ratkaisut. Laaja konekanta. Laadukkaat tuotteet","potentialAction":[{"@type":"SearchAction","target":{"@type":"EntryPoint","urlTemplate":"https:\/\/www.ahmotuote.fi\/?s={search_term_string}"},"query-input":{"@type":"PropertyValueSpecification","valueRequired":true,"valueName":"search_term_string"}}],"inLanguage":"en-US"}]}},"_links":{"self":[{"href":"https:\/\/www.ahmotuote.fi\/en\/wp-json\/wp\/v2\/pages\/883","targetHints":{"allow":["GET"]}}],"collection":[{"href":"https:\/\/www.ahmotuote.fi\/en\/wp-json\/wp\/v2\/pages"}],"about":[{"href":"https:\/\/www.ahmotuote.fi\/en\/wp-json\/wp\/v2\/types\/page"}],"author":[{"embeddable":true,"href":"https:\/\/www.ahmotuote.fi\/en\/wp-json\/wp\/v2\/users\/2"}],"replies":[{"embeddable":true,"href":"https:\/\/www.ahmotuote.fi\/en\/wp-json\/wp\/v2\/comments?post=883"}],"version-history":[{"count":2,"href":"https:\/\/www.ahmotuote.fi\/en\/wp-json\/wp\/v2\/pages\/883\/revisions"}],"predecessor-version":[{"id":885,"href":"https:\/\/www.ahmotuote.fi\/en\/wp-json\/wp\/v2\/pages\/883\/revisions\/885"}],"wp:attachment":[{"href":"https:\/\/www.ahmotuote.fi\/en\/wp-json\/wp\/v2\/media?parent=883"}],"curies":[{"name":"wp","href":"https:\/\/api.w.org\/{rel}","templated":true}]}}