{"id":865,"date":"2021-11-23T08:27:22","date_gmt":"2021-11-23T08:27:22","guid":{"rendered":"https:\/\/www.ahmotuote.fi\/?page_id=865"},"modified":"2026-02-26T12:52:18","modified_gmt":"2026-02-26T09:52:18","slug":"about-us","status":"publish","type":"page","link":"https:\/\/www.ahmotuote.fi\/en\/about-us\/","title":{"rendered":"About us"},"content":{"rendered":"<div class=\"fusion-fullwidth fullwidth-box fusion-builder-row-1 fusion-flex-container nonhundred-percent-fullwidth non-hundred-percent-height-scrolling\" style=\"--awb-border-radius-top-left:0px;--awb-border-radius-top-right:0px;--awb-border-radius-bottom-right:0px;--awb-border-radius-bottom-left:0px;--awb-flex-wrap:wrap;\" ><div class=\"fusion-builder-row fusion-row fusion-flex-align-items-flex-start fusion-flex-content-wrap\" style=\"max-width:1019.2px;margin-left: calc(-4% \/ 2 );margin-right: calc(-4% \/ 2 );\"><div class=\"fusion-layout-column fusion_builder_column fusion-builder-column-0 fusion_builder_column_1_1 1_1 fusion-flex-column\" style=\"--awb-bg-size:cover;--awb-width-large:100%;--awb-margin-top-large:0px;--awb-spacing-right-large:1.92%;--awb-margin-bottom-large:20px;--awb-spacing-left-large:1.92%;--awb-width-medium:100%;--awb-order-medium:0;--awb-spacing-right-medium:1.92%;--awb-spacing-left-medium:1.92%;--awb-width-small:100%;--awb-order-small:0;--awb-spacing-right-small:1.92%;--awb-spacing-left-small:1.92%;\"><div class=\"fusion-column-wrapper fusion-column-has-shadow fusion-flex-justify-content-flex-start fusion-content-layout-column\"><div class=\"fusion-text fusion-text-1\"><h1>About us<\/h1>\n<\/div><div class=\"fusion-image-element \" style=\"--awb-caption-title-font-family:var(--h2_typography-font-family);--awb-caption-title-font-weight:var(--h2_typography-font-weight);--awb-caption-title-font-style:var(--h2_typography-font-style);--awb-caption-title-size:var(--h2_typography-font-size);--awb-caption-title-transform:var(--h2_typography-text-transform);--awb-caption-title-line-height:var(--h2_typography-line-height);--awb-caption-title-letter-spacing:var(--h2_typography-letter-spacing);\"><span class=\" fusion-imageframe imageframe-none imageframe-1 hover-type-none\"><img decoding=\"async\" width=\"2000\" height=\"1240\" alt=\"Ahmotuote Oy rakennukset ilmakuva \" title=\"ahmotuote-ilmakuva1\" src=\"https:\/\/www.ahmotuote.fi\/wp-content\/uploads\/2020\/11\/ahmotuote-ilmakuva1.jpg\" class=\"img-responsive wp-image-73\" srcset=\"https:\/\/www.ahmotuote.fi\/wp-content\/uploads\/2020\/11\/ahmotuote-ilmakuva1-200x124.jpg 200w, https:\/\/www.ahmotuote.fi\/wp-content\/uploads\/2020\/11\/ahmotuote-ilmakuva1-400x248.jpg 400w, https:\/\/www.ahmotuote.fi\/wp-content\/uploads\/2020\/11\/ahmotuote-ilmakuva1-600x372.jpg 600w, https:\/\/www.ahmotuote.fi\/wp-content\/uploads\/2020\/11\/ahmotuote-ilmakuva1-800x496.jpg 800w, https:\/\/www.ahmotuote.fi\/wp-content\/uploads\/2020\/11\/ahmotuote-ilmakuva1-1200x744.jpg 1200w, https:\/\/www.ahmotuote.fi\/wp-content\/uploads\/2020\/11\/ahmotuote-ilmakuva1.jpg 2000w\" sizes=\"(max-width: 640px) 100vw, 1200px\" \/><\/span><\/div><div class=\"fusion-text fusion-text-2\" style=\"--awb-text-transform:none;\"><p>Ahmotuote Oy is a manufacturer of transmission components and machine parts founded in 1985. In 2025, our company&#8217;s turnover was 5.1. million euros. Direct exports account for more than 10% of net sales and indirect exports for about 80%. The number of staff is 35.<\/p>\n<p>Our business idea is to manufacture and sell machined highly processed and specialised toothed parts and products for industry and trade.<\/p>\n<p>The products are<\/p>\n<ul>\n<li>ground gears<\/li>\n<li>milled gears and racks<\/li>\n<li>grooves, universal joints<\/li>\n<li>splined shafts<\/li>\n<li>internal gears<\/li>\n<li>worm wheels and screws<\/li>\n<li>flanges and shafts<\/li>\n<li>other machine parts<\/li>\n<li>direct transmission configurations<\/li>\n<\/ul>\n<p>The Ahmotuote has a very versatile machine shop at its disposal.<\/p>\n<p>Our own 4000m2 production and business premises are located on the south side of the city of Iisalmi at Ahertajankaarto 19.<\/p>\n<p>In all our operations, we aim for long-term cooperation and flexible service.<\/p>\n<p>With our long-term customers, we are able to offer our customers a variety of compliant products. Requirements may include special raw materials, heat and surface treatments, and several quality inspections with documents.<\/p>\n<\/div><\/div><\/div><\/div><\/div>\n","protected":false},"excerpt":{"rendered":"","protected":false},"author":2,"featured_media":0,"parent":0,"menu_order":0,"comment_status":"closed","ping_status":"closed","template":"100-width.php","meta":{"footnotes":""},"class_list":["post-865","page","type-page","status-publish","hentry"],"yoast_head":"<!-- This site is optimized with the Yoast SEO plugin v27.4 - https:\/\/yoast.com\/product\/yoast-seo-wordpress\/ -->\n<title>About us - Ahmotuote Oy - voimansiirron komponentit ja koneenosat<\/title>\n<meta name=\"robots\" content=\"index, follow, max-snippet:-1, max-image-preview:large, max-video-preview:-1\" \/>\n<link rel=\"canonical\" href=\"https:\/\/www.ahmotuote.fi\/en\/about-us\/\" \/>\n<meta property=\"og:locale\" content=\"en_US\" \/>\n<meta property=\"og:type\" content=\"article\" \/>\n<meta property=\"og:title\" content=\"About us - Ahmotuote Oy - voimansiirron komponentit ja koneenosat\" \/>\n<meta property=\"og:url\" content=\"https:\/\/www.ahmotuote.fi\/en\/about-us\/\" \/>\n<meta property=\"og:site_name\" content=\"Ahmotuote Oy - voimansiirron komponentit ja koneenosat\" \/>\n<meta property=\"article:modified_time\" content=\"2026-02-26T09:52:18+00:00\" \/>\n<meta name=\"twitter:card\" content=\"summary_large_image\" \/>\n<meta name=\"twitter:label1\" content=\"Est. reading time\" \/>\n\t<meta name=\"twitter:data1\" content=\"2 minutes\" \/>\n<script type=\"application\/ld+json\" class=\"yoast-schema-graph\">{\"@context\":\"https:\\\/\\\/schema.org\",\"@graph\":[{\"@type\":\"WebPage\",\"@id\":\"https:\\\/\\\/www.ahmotuote.fi\\\/en\\\/about-us\\\/\",\"url\":\"https:\\\/\\\/www.ahmotuote.fi\\\/en\\\/about-us\\\/\",\"name\":\"About us - Ahmotuote Oy - voimansiirron komponentit ja koneenosat\",\"isPartOf\":{\"@id\":\"https:\\\/\\\/www.ahmotuote.fi\\\/#website\"},\"datePublished\":\"2021-11-23T08:27:22+00:00\",\"dateModified\":\"2026-02-26T09:52:18+00:00\",\"breadcrumb\":{\"@id\":\"https:\\\/\\\/www.ahmotuote.fi\\\/en\\\/about-us\\\/#breadcrumb\"},\"inLanguage\":\"en-US\",\"potentialAction\":[{\"@type\":\"ReadAction\",\"target\":[\"https:\\\/\\\/www.ahmotuote.fi\\\/en\\\/about-us\\\/\"]}]},{\"@type\":\"BreadcrumbList\",\"@id\":\"https:\\\/\\\/www.ahmotuote.fi\\\/en\\\/about-us\\\/#breadcrumb\",\"itemListElement\":[{\"@type\":\"ListItem\",\"position\":1,\"name\":\"Etusivu\",\"item\":\"https:\\\/\\\/www.ahmotuote.fi\\\/en\\\/\"},{\"@type\":\"ListItem\",\"position\":2,\"name\":\"About us\"}]},{\"@type\":\"WebSite\",\"@id\":\"https:\\\/\\\/www.ahmotuote.fi\\\/#website\",\"url\":\"https:\\\/\\\/www.ahmotuote.fi\\\/\",\"name\":\"Ahmotuote Oy - voimansiirron komponentit ja koneenosat\",\"description\":\"Meilt\u00e4 saat laadukkaat voimansiirtokomponentit ja koneenosat. Ota yhteytt\u00e4! Yksitt\u00e4iskappaleista sarjatuotantoon. K\u00e4yt\u00f6ss\u00e4mme on monipuoliset ty\u00f6st\u00f6menetelm\u00e4t. Asiantunteva palvelu. Joustavat ratkaisut. Laaja konekanta. Laadukkaat tuotteet\",\"potentialAction\":[{\"@type\":\"SearchAction\",\"target\":{\"@type\":\"EntryPoint\",\"urlTemplate\":\"https:\\\/\\\/www.ahmotuote.fi\\\/?s={search_term_string}\"},\"query-input\":{\"@type\":\"PropertyValueSpecification\",\"valueRequired\":true,\"valueName\":\"search_term_string\"}}],\"inLanguage\":\"en-US\"}]}<\/script>\n<!-- \/ Yoast SEO plugin. -->","yoast_head_json":{"title":"About us - Ahmotuote Oy - voimansiirron komponentit ja koneenosat","robots":{"index":"index","follow":"follow","max-snippet":"max-snippet:-1","max-image-preview":"max-image-preview:large","max-video-preview":"max-video-preview:-1"},"canonical":"https:\/\/www.ahmotuote.fi\/en\/about-us\/","og_locale":"en_US","og_type":"article","og_title":"About us - Ahmotuote Oy - voimansiirron komponentit ja koneenosat","og_url":"https:\/\/www.ahmotuote.fi\/en\/about-us\/","og_site_name":"Ahmotuote Oy - voimansiirron komponentit ja koneenosat","article_modified_time":"2026-02-26T09:52:18+00:00","twitter_card":"summary_large_image","twitter_misc":{"Est. reading time":"2 minutes"},"schema":{"@context":"https:\/\/schema.org","@graph":[{"@type":"WebPage","@id":"https:\/\/www.ahmotuote.fi\/en\/about-us\/","url":"https:\/\/www.ahmotuote.fi\/en\/about-us\/","name":"About us - Ahmotuote Oy - voimansiirron komponentit ja koneenosat","isPartOf":{"@id":"https:\/\/www.ahmotuote.fi\/#website"},"datePublished":"2021-11-23T08:27:22+00:00","dateModified":"2026-02-26T09:52:18+00:00","breadcrumb":{"@id":"https:\/\/www.ahmotuote.fi\/en\/about-us\/#breadcrumb"},"inLanguage":"en-US","potentialAction":[{"@type":"ReadAction","target":["https:\/\/www.ahmotuote.fi\/en\/about-us\/"]}]},{"@type":"BreadcrumbList","@id":"https:\/\/www.ahmotuote.fi\/en\/about-us\/#breadcrumb","itemListElement":[{"@type":"ListItem","position":1,"name":"Etusivu","item":"https:\/\/www.ahmotuote.fi\/en\/"},{"@type":"ListItem","position":2,"name":"About us"}]},{"@type":"WebSite","@id":"https:\/\/www.ahmotuote.fi\/#website","url":"https:\/\/www.ahmotuote.fi\/","name":"Ahmotuote Oy - voimansiirron komponentit ja koneenosat","description":"Meilt\u00e4 saat laadukkaat voimansiirtokomponentit ja koneenosat. Ota yhteytt\u00e4! Yksitt\u00e4iskappaleista sarjatuotantoon. K\u00e4yt\u00f6ss\u00e4mme on monipuoliset ty\u00f6st\u00f6menetelm\u00e4t. Asiantunteva palvelu. Joustavat ratkaisut. Laaja konekanta. Laadukkaat tuotteet","potentialAction":[{"@type":"SearchAction","target":{"@type":"EntryPoint","urlTemplate":"https:\/\/www.ahmotuote.fi\/?s={search_term_string}"},"query-input":{"@type":"PropertyValueSpecification","valueRequired":true,"valueName":"search_term_string"}}],"inLanguage":"en-US"}]}},"_links":{"self":[{"href":"https:\/\/www.ahmotuote.fi\/en\/wp-json\/wp\/v2\/pages\/865","targetHints":{"allow":["GET"]}}],"collection":[{"href":"https:\/\/www.ahmotuote.fi\/en\/wp-json\/wp\/v2\/pages"}],"about":[{"href":"https:\/\/www.ahmotuote.fi\/en\/wp-json\/wp\/v2\/types\/page"}],"author":[{"embeddable":true,"href":"https:\/\/www.ahmotuote.fi\/en\/wp-json\/wp\/v2\/users\/2"}],"replies":[{"embeddable":true,"href":"https:\/\/www.ahmotuote.fi\/en\/wp-json\/wp\/v2\/comments?post=865"}],"version-history":[{"count":9,"href":"https:\/\/www.ahmotuote.fi\/en\/wp-json\/wp\/v2\/pages\/865\/revisions"}],"predecessor-version":[{"id":6421,"href":"https:\/\/www.ahmotuote.fi\/en\/wp-json\/wp\/v2\/pages\/865\/revisions\/6421"}],"wp:attachment":[{"href":"https:\/\/www.ahmotuote.fi\/en\/wp-json\/wp\/v2\/media?parent=865"}],"curies":[{"name":"wp","href":"https:\/\/api.w.org\/{rel}","templated":true}]}}