{"id":174,"date":"2020-11-23T12:18:10","date_gmt":"2020-11-23T12:18:10","guid":{"rendered":"https:\/\/www.ahmotuote.fi\/?page_id=174"},"modified":"2022-03-07T09:11:17","modified_gmt":"2022-03-07T09:11:17","slug":"custom-orders","status":"publish","type":"page","link":"https:\/\/www.ahmotuote.fi\/en\/services\/custom-orders\/","title":{"rendered":"Custom orders"},"content":{"rendered":"<div class=\"fusion-fullwidth fullwidth-box fusion-builder-row-1 fusion-flex-container nonhundred-percent-fullwidth non-hundred-percent-height-scrolling\" style=\"--awb-border-radius-top-left:0px;--awb-border-radius-top-right:0px;--awb-border-radius-bottom-right:0px;--awb-border-radius-bottom-left:0px;--awb-flex-wrap:wrap;\" ><div class=\"fusion-builder-row fusion-row fusion-flex-align-items-flex-start fusion-flex-content-wrap\" style=\"max-width:1019.2px;margin-left: calc(-4% \/ 2 );margin-right: calc(-4% \/ 2 );\"><div class=\"fusion-layout-column fusion_builder_column fusion-builder-column-0 fusion_builder_column_1_1 1_1 fusion-flex-column\" style=\"--awb-bg-size:cover;--awb-width-large:100%;--awb-margin-top-large:0px;--awb-spacing-right-large:1.92%;--awb-margin-bottom-large:20px;--awb-spacing-left-large:1.92%;--awb-width-medium:100%;--awb-order-medium:0;--awb-spacing-right-medium:1.92%;--awb-spacing-left-medium:1.92%;--awb-width-small:100%;--awb-order-small:0;--awb-spacing-right-small:1.92%;--awb-spacing-left-small:1.92%;\"><div class=\"fusion-column-wrapper fusion-column-has-shadow fusion-flex-justify-content-flex-start fusion-content-layout-column\"><div class=\"fusion-text fusion-text-1\"><h1>Custom orders<\/h1>\n<\/div><div class=\"fusion-image-element \" style=\"--awb-caption-title-font-family:var(--h2_typography-font-family);--awb-caption-title-font-weight:var(--h2_typography-font-weight);--awb-caption-title-font-style:var(--h2_typography-font-style);--awb-caption-title-size:var(--h2_typography-font-size);--awb-caption-title-transform:var(--h2_typography-text-transform);--awb-caption-title-line-height:var(--h2_typography-line-height);--awb-caption-title-letter-spacing:var(--h2_typography-letter-spacing);\"><span class=\" fusion-imageframe imageframe-none imageframe-1 hover-type-none\"><img decoding=\"async\" width=\"1024\" height=\"627\" title=\"AHMOTUOTE-SPLINE-2\" src=\"https:\/\/www.ahmotuote.fi\/wp-content\/uploads\/2021\/07\/AHMOTUOTE-SPLINE-2.jpg\" alt class=\"img-responsive wp-image-720\" srcset=\"https:\/\/www.ahmotuote.fi\/wp-content\/uploads\/2021\/07\/AHMOTUOTE-SPLINE-2-200x122.jpg 200w, https:\/\/www.ahmotuote.fi\/wp-content\/uploads\/2021\/07\/AHMOTUOTE-SPLINE-2-400x245.jpg 400w, https:\/\/www.ahmotuote.fi\/wp-content\/uploads\/2021\/07\/AHMOTUOTE-SPLINE-2-600x367.jpg 600w, https:\/\/www.ahmotuote.fi\/wp-content\/uploads\/2021\/07\/AHMOTUOTE-SPLINE-2-800x490.jpg 800w, https:\/\/www.ahmotuote.fi\/wp-content\/uploads\/2021\/07\/AHMOTUOTE-SPLINE-2.jpg 1024w\" sizes=\"(max-width: 640px) 100vw, 1024px\" \/><\/span><\/div><div class=\"fusion-text fusion-text-2\" style=\"--awb-text-transform:none;\"><p>We offer and execute custom-made work in accordance with the customer&#8217;s drawings or samples.<\/p>\n<p>either as a single piece or as a production parts.<\/p>\n<p>These can be<\/p>\n<ul>\n<li>gear grinding<\/li>\n<li>milled gears and racks<\/li>\n<li>grooves, universal joints<\/li>\n<li>splined shafts<\/li>\n<li>internal gears<\/li>\n<li>worm wheels and screws<\/li>\n<li>flanges and shafts<\/li>\n<li>other machine parts<\/li>\n<li>varied transmission configurations<\/li>\n<li>different kind of service spare parts<\/li>\n<\/ul>\n<p>Based on our long-term experience and extensive supplier network, we can also provide consulting assistance in manufacturing technology or design issues.<\/p>\n<\/div><div ><a class=\"fusion-button button-flat fusion-button-default-size button-default fusion-button-default button-1 fusion-button-default-span fusion-button-default-type\" target=\"_self\" href=\"https:\/\/www.ahmotuote.fi\/en\/contact\/request-an-offer\/\"><span class=\"fusion-button-text awb-button__text awb-button__text--default\">Request an offer<\/span><\/a><\/div><\/div><\/div><\/div><\/div>\n","protected":false},"excerpt":{"rendered":"","protected":false},"author":2,"featured_media":0,"parent":169,"menu_order":0,"comment_status":"closed","ping_status":"closed","template":"","meta":{"footnotes":""},"class_list":["post-174","page","type-page","status-publish","hentry"],"yoast_head":"<!-- This site is optimized with the Yoast SEO plugin v27.5 - https:\/\/yoast.com\/product\/yoast-seo-wordpress\/ -->\n<title>Custom orders - Ahmotuote Oy - voimansiirron komponentit ja koneenosat<\/title>\n<meta name=\"robots\" content=\"index, follow, max-snippet:-1, max-image-preview:large, max-video-preview:-1\" \/>\n<link rel=\"canonical\" href=\"https:\/\/www.ahmotuote.fi\/en\/services\/custom-orders\/\" \/>\n<meta property=\"og:locale\" content=\"en_US\" \/>\n<meta property=\"og:type\" content=\"article\" \/>\n<meta property=\"og:title\" content=\"Custom orders - Ahmotuote Oy - voimansiirron komponentit ja koneenosat\" \/>\n<meta property=\"og:url\" content=\"https:\/\/www.ahmotuote.fi\/en\/services\/custom-orders\/\" \/>\n<meta property=\"og:site_name\" content=\"Ahmotuote Oy - voimansiirron komponentit ja koneenosat\" \/>\n<meta property=\"article:modified_time\" content=\"2022-03-07T09:11:17+00:00\" \/>\n<meta name=\"twitter:card\" content=\"summary_large_image\" \/>\n<meta name=\"twitter:label1\" content=\"Est. reading time\" \/>\n\t<meta name=\"twitter:data1\" content=\"3 minutes\" \/>\n<script type=\"application\/ld+json\" class=\"yoast-schema-graph\">{\"@context\":\"https:\\\/\\\/schema.org\",\"@graph\":[{\"@type\":\"WebPage\",\"@id\":\"https:\\\/\\\/www.ahmotuote.fi\\\/en\\\/services\\\/custom-orders\\\/\",\"url\":\"https:\\\/\\\/www.ahmotuote.fi\\\/en\\\/services\\\/custom-orders\\\/\",\"name\":\"Custom orders - Ahmotuote Oy - voimansiirron komponentit ja koneenosat\",\"isPartOf\":{\"@id\":\"https:\\\/\\\/www.ahmotuote.fi\\\/#website\"},\"datePublished\":\"2020-11-23T12:18:10+00:00\",\"dateModified\":\"2022-03-07T09:11:17+00:00\",\"breadcrumb\":{\"@id\":\"https:\\\/\\\/www.ahmotuote.fi\\\/en\\\/services\\\/custom-orders\\\/#breadcrumb\"},\"inLanguage\":\"en-US\",\"potentialAction\":[{\"@type\":\"ReadAction\",\"target\":[\"https:\\\/\\\/www.ahmotuote.fi\\\/en\\\/services\\\/custom-orders\\\/\"]}]},{\"@type\":\"BreadcrumbList\",\"@id\":\"https:\\\/\\\/www.ahmotuote.fi\\\/en\\\/services\\\/custom-orders\\\/#breadcrumb\",\"itemListElement\":[{\"@type\":\"ListItem\",\"position\":1,\"name\":\"Etusivu\",\"item\":\"https:\\\/\\\/www.ahmotuote.fi\\\/en\\\/\"},{\"@type\":\"ListItem\",\"position\":2,\"name\":\"Services\",\"item\":\"https:\\\/\\\/www.ahmotuote.fi\\\/en\\\/services\\\/\"},{\"@type\":\"ListItem\",\"position\":3,\"name\":\"Custom orders\"}]},{\"@type\":\"WebSite\",\"@id\":\"https:\\\/\\\/www.ahmotuote.fi\\\/#website\",\"url\":\"https:\\\/\\\/www.ahmotuote.fi\\\/\",\"name\":\"Ahmotuote Oy - voimansiirron komponentit ja koneenosat\",\"description\":\"Meilt\u00e4 saat laadukkaat voimansiirtokomponentit ja koneenosat. Ota yhteytt\u00e4! Yksitt\u00e4iskappaleista sarjatuotantoon. K\u00e4yt\u00f6ss\u00e4mme on monipuoliset ty\u00f6st\u00f6menetelm\u00e4t. Asiantunteva palvelu. Joustavat ratkaisut. Laaja konekanta. Laadukkaat tuotteet\",\"potentialAction\":[{\"@type\":\"SearchAction\",\"target\":{\"@type\":\"EntryPoint\",\"urlTemplate\":\"https:\\\/\\\/www.ahmotuote.fi\\\/?s={search_term_string}\"},\"query-input\":{\"@type\":\"PropertyValueSpecification\",\"valueRequired\":true,\"valueName\":\"search_term_string\"}}],\"inLanguage\":\"en-US\"}]}<\/script>\n<!-- \/ Yoast SEO plugin. -->","yoast_head_json":{"title":"Custom orders - Ahmotuote Oy - voimansiirron komponentit ja koneenosat","robots":{"index":"index","follow":"follow","max-snippet":"max-snippet:-1","max-image-preview":"max-image-preview:large","max-video-preview":"max-video-preview:-1"},"canonical":"https:\/\/www.ahmotuote.fi\/en\/services\/custom-orders\/","og_locale":"en_US","og_type":"article","og_title":"Custom orders - Ahmotuote Oy - voimansiirron komponentit ja koneenosat","og_url":"https:\/\/www.ahmotuote.fi\/en\/services\/custom-orders\/","og_site_name":"Ahmotuote Oy - voimansiirron komponentit ja koneenosat","article_modified_time":"2022-03-07T09:11:17+00:00","twitter_card":"summary_large_image","twitter_misc":{"Est. reading time":"3 minutes"},"schema":{"@context":"https:\/\/schema.org","@graph":[{"@type":"WebPage","@id":"https:\/\/www.ahmotuote.fi\/en\/services\/custom-orders\/","url":"https:\/\/www.ahmotuote.fi\/en\/services\/custom-orders\/","name":"Custom orders - Ahmotuote Oy - voimansiirron komponentit ja koneenosat","isPartOf":{"@id":"https:\/\/www.ahmotuote.fi\/#website"},"datePublished":"2020-11-23T12:18:10+00:00","dateModified":"2022-03-07T09:11:17+00:00","breadcrumb":{"@id":"https:\/\/www.ahmotuote.fi\/en\/services\/custom-orders\/#breadcrumb"},"inLanguage":"en-US","potentialAction":[{"@type":"ReadAction","target":["https:\/\/www.ahmotuote.fi\/en\/services\/custom-orders\/"]}]},{"@type":"BreadcrumbList","@id":"https:\/\/www.ahmotuote.fi\/en\/services\/custom-orders\/#breadcrumb","itemListElement":[{"@type":"ListItem","position":1,"name":"Etusivu","item":"https:\/\/www.ahmotuote.fi\/en\/"},{"@type":"ListItem","position":2,"name":"Services","item":"https:\/\/www.ahmotuote.fi\/en\/services\/"},{"@type":"ListItem","position":3,"name":"Custom orders"}]},{"@type":"WebSite","@id":"https:\/\/www.ahmotuote.fi\/#website","url":"https:\/\/www.ahmotuote.fi\/","name":"Ahmotuote Oy - voimansiirron komponentit ja koneenosat","description":"Meilt\u00e4 saat laadukkaat voimansiirtokomponentit ja koneenosat. Ota yhteytt\u00e4! Yksitt\u00e4iskappaleista sarjatuotantoon. K\u00e4yt\u00f6ss\u00e4mme on monipuoliset ty\u00f6st\u00f6menetelm\u00e4t. Asiantunteva palvelu. Joustavat ratkaisut. Laaja konekanta. Laadukkaat tuotteet","potentialAction":[{"@type":"SearchAction","target":{"@type":"EntryPoint","urlTemplate":"https:\/\/www.ahmotuote.fi\/?s={search_term_string}"},"query-input":{"@type":"PropertyValueSpecification","valueRequired":true,"valueName":"search_term_string"}}],"inLanguage":"en-US"}]}},"_links":{"self":[{"href":"https:\/\/www.ahmotuote.fi\/en\/wp-json\/wp\/v2\/pages\/174","targetHints":{"allow":["GET"]}}],"collection":[{"href":"https:\/\/www.ahmotuote.fi\/en\/wp-json\/wp\/v2\/pages"}],"about":[{"href":"https:\/\/www.ahmotuote.fi\/en\/wp-json\/wp\/v2\/types\/page"}],"author":[{"embeddable":true,"href":"https:\/\/www.ahmotuote.fi\/en\/wp-json\/wp\/v2\/users\/2"}],"replies":[{"embeddable":true,"href":"https:\/\/www.ahmotuote.fi\/en\/wp-json\/wp\/v2\/comments?post=174"}],"version-history":[{"count":9,"href":"https:\/\/www.ahmotuote.fi\/en\/wp-json\/wp\/v2\/pages\/174\/revisions"}],"predecessor-version":[{"id":1242,"href":"https:\/\/www.ahmotuote.fi\/en\/wp-json\/wp\/v2\/pages\/174\/revisions\/1242"}],"up":[{"embeddable":true,"href":"https:\/\/www.ahmotuote.fi\/en\/wp-json\/wp\/v2\/pages\/169"}],"wp:attachment":[{"href":"https:\/\/www.ahmotuote.fi\/en\/wp-json\/wp\/v2\/media?parent=174"}],"curies":[{"name":"wp","href":"https:\/\/api.w.org\/{rel}","templated":true}]}}