{"id":169,"date":"2020-11-23T09:58:42","date_gmt":"2020-11-23T09:58:42","guid":{"rendered":"https:\/\/www.ahmotuote.fi\/?page_id=169"},"modified":"2025-07-04T17:12:01","modified_gmt":"2025-07-04T14:12:01","slug":"services","status":"publish","type":"page","link":"https:\/\/www.ahmotuote.fi\/en\/services\/","title":{"rendered":"Services"},"content":{"rendered":"<div class=\"fusion-fullwidth fullwidth-box fusion-builder-row-1 fusion-flex-container nonhundred-percent-fullwidth non-hundred-percent-height-scrolling\" style=\"--awb-border-radius-top-left:0px;--awb-border-radius-top-right:0px;--awb-border-radius-bottom-right:0px;--awb-border-radius-bottom-left:0px;--awb-flex-wrap:wrap;\" ><div class=\"fusion-builder-row fusion-row fusion-flex-align-items-flex-start fusion-flex-content-wrap\" style=\"max-width:1019.2px;margin-left: calc(-4% \/ 2 );margin-right: calc(-4% \/ 2 );\"><div class=\"fusion-layout-column fusion_builder_column fusion-builder-column-0 fusion_builder_column_1_1 1_1 fusion-flex-column\" style=\"--awb-bg-size:cover;--awb-width-large:100%;--awb-margin-top-large:0px;--awb-spacing-right-large:1.92%;--awb-margin-bottom-large:20px;--awb-spacing-left-large:1.92%;--awb-width-medium:100%;--awb-order-medium:0;--awb-spacing-right-medium:1.92%;--awb-spacing-left-medium:1.92%;--awb-width-small:100%;--awb-order-small:0;--awb-spacing-right-small:1.92%;--awb-spacing-left-small:1.92%;\"><div class=\"fusion-column-wrapper fusion-column-has-shadow fusion-flex-justify-content-flex-start fusion-content-layout-column\"><div class=\"fusion-title title fusion-title-1 fusion-sep-none fusion-title-center fusion-title-text fusion-title-size-one\" style=\"--awb-margin-top:5%;--awb-margin-bottom:5%;--awb-margin-top-small:10px;--awb-margin-right-small:0px;--awb-margin-bottom-small:10px;--awb-margin-left-small:0px;\"><h1 class=\"fusion-title-heading title-heading-center\" style=\"margin:0;\">Services<\/h1><\/div><\/div><\/div><div class=\"fusion-layout-column fusion_builder_column fusion-builder-column-1 fusion_builder_column_1_2 1_2 fusion-flex-column\" style=\"--awb-bg-size:cover;--awb-width-large:50%;--awb-margin-top-large:0px;--awb-spacing-right-large:3.84%;--awb-margin-bottom-large:20px;--awb-spacing-left-large:3.84%;--awb-width-medium:50%;--awb-order-medium:0;--awb-spacing-right-medium:3.84%;--awb-spacing-left-medium:3.84%;--awb-width-small:100%;--awb-order-small:0;--awb-spacing-right-small:1.92%;--awb-spacing-left-small:1.92%;\"><div class=\"fusion-column-wrapper fusion-column-has-shadow fusion-flex-justify-content-flex-start fusion-content-layout-column\"><div class=\"fusion-image-element \" style=\"--awb-caption-title-font-family:var(--h2_typography-font-family);--awb-caption-title-font-weight:var(--h2_typography-font-weight);--awb-caption-title-font-style:var(--h2_typography-font-style);--awb-caption-title-size:var(--h2_typography-font-size);--awb-caption-title-transform:var(--h2_typography-text-transform);--awb-caption-title-line-height:var(--h2_typography-line-height);--awb-caption-title-letter-spacing:var(--h2_typography-letter-spacing);\"><span class=\" fusion-imageframe imageframe-none imageframe-1 hover-type-none\"><img decoding=\"async\" width=\"700\" height=\"350\" alt=\"Tilausty\u00f6t\" title=\"img_tilaustyot\" src=\"https:\/\/www.ahmotuote.fi\/wp-content\/uploads\/2020\/11\/img_tilaustyot.jpg\" class=\"img-responsive wp-image-78\" srcset=\"https:\/\/www.ahmotuote.fi\/wp-content\/uploads\/2020\/11\/img_tilaustyot-200x100.jpg 200w, https:\/\/www.ahmotuote.fi\/wp-content\/uploads\/2020\/11\/img_tilaustyot-400x200.jpg 400w, https:\/\/www.ahmotuote.fi\/wp-content\/uploads\/2020\/11\/img_tilaustyot-600x300.jpg 600w, https:\/\/www.ahmotuote.fi\/wp-content\/uploads\/2020\/11\/img_tilaustyot.jpg 700w\" sizes=\"(max-width: 640px) 100vw, 600px\" \/><\/span><\/div><div style=\"text-align:center;\"><a class=\"fusion-button button-flat fusion-button-default-size button-default fusion-button-default button-1 fusion-button-default-span fusion-button-default-type\" style=\"--button_margin-top:20px;\" target=\"_self\" href=\"https:\/\/www.ahmotuote.fi\/en\/services\/subcontract\/\"><span class=\"fusion-button-text awb-button__text awb-button__text--default\">Subcontract<\/span><\/a><\/div><\/div><\/div><div class=\"fusion-layout-column fusion_builder_column fusion-builder-column-2 fusion_builder_column_1_2 1_2 fusion-flex-column\" style=\"--awb-bg-size:cover;--awb-width-large:50%;--awb-margin-top-large:0px;--awb-spacing-right-large:3.84%;--awb-margin-bottom-large:20px;--awb-spacing-left-large:3.84%;--awb-width-medium:50%;--awb-order-medium:0;--awb-spacing-right-medium:3.84%;--awb-spacing-left-medium:3.84%;--awb-width-small:100%;--awb-order-small:0;--awb-spacing-right-small:1.92%;--awb-spacing-left-small:1.92%;\"><div class=\"fusion-column-wrapper fusion-column-has-shadow fusion-flex-justify-content-flex-start fusion-content-layout-column\"><div class=\"fusion-image-element \" style=\"--awb-caption-title-font-family:var(--h2_typography-font-family);--awb-caption-title-font-weight:var(--h2_typography-font-weight);--awb-caption-title-font-style:var(--h2_typography-font-style);--awb-caption-title-size:var(--h2_typography-font-size);--awb-caption-title-transform:var(--h2_typography-text-transform);--awb-caption-title-line-height:var(--h2_typography-line-height);--awb-caption-title-letter-spacing:var(--h2_typography-letter-spacing);\"><span class=\" fusion-imageframe imageframe-none imageframe-2 hover-type-none\"><img decoding=\"async\" width=\"700\" height=\"350\" title=\"img_menetelmat\" src=\"https:\/\/www.ahmotuote.fi\/wp-content\/uploads\/2020\/11\/img_menetelmat.jpg\" alt class=\"img-responsive wp-image-77\" srcset=\"https:\/\/www.ahmotuote.fi\/wp-content\/uploads\/2020\/11\/img_menetelmat-200x100.jpg 200w, https:\/\/www.ahmotuote.fi\/wp-content\/uploads\/2020\/11\/img_menetelmat-400x200.jpg 400w, https:\/\/www.ahmotuote.fi\/wp-content\/uploads\/2020\/11\/img_menetelmat-600x300.jpg 600w, https:\/\/www.ahmotuote.fi\/wp-content\/uploads\/2020\/11\/img_menetelmat.jpg 700w\" sizes=\"(max-width: 640px) 100vw, 600px\" \/><\/span><\/div><div style=\"text-align:center;\"><a class=\"fusion-button button-flat fusion-button-default-size button-default fusion-button-default button-2 fusion-button-default-span fusion-button-default-type\" style=\"--button_margin-top:20px;\" target=\"_self\" href=\"https:\/\/www.ahmotuote.fi\/en\/services\/custom-orders\/\"><span class=\"fusion-button-text awb-button__text awb-button__text--default\">custom orders<\/span><\/a><\/div><\/div><\/div><\/div><\/div>\n","protected":false},"excerpt":{"rendered":"","protected":false},"author":2,"featured_media":0,"parent":0,"menu_order":0,"comment_status":"closed","ping_status":"closed","template":"100-width.php","meta":{"footnotes":""},"class_list":["post-169","page","type-page","status-publish","hentry"],"yoast_head":"<!-- This site is optimized with the Yoast SEO plugin v27.3 - https:\/\/yoast.com\/product\/yoast-seo-wordpress\/ -->\n<title>Services - Ahmotuote Oy - voimansiirron komponentit ja koneenosat<\/title>\n<meta name=\"robots\" content=\"index, follow, max-snippet:-1, max-image-preview:large, max-video-preview:-1\" \/>\n<link rel=\"canonical\" href=\"https:\/\/www.ahmotuote.fi\/en\/services\/\" \/>\n<meta property=\"og:locale\" content=\"en_US\" \/>\n<meta property=\"og:type\" content=\"article\" \/>\n<meta property=\"og:title\" content=\"Services - Ahmotuote Oy - voimansiirron komponentit ja koneenosat\" \/>\n<meta property=\"og:url\" content=\"https:\/\/www.ahmotuote.fi\/en\/services\/\" \/>\n<meta property=\"og:site_name\" content=\"Ahmotuote Oy - voimansiirron komponentit ja koneenosat\" \/>\n<meta property=\"article:modified_time\" content=\"2025-07-04T14:12:01+00:00\" \/>\n<meta name=\"twitter:card\" content=\"summary_large_image\" \/>\n<meta name=\"twitter:label1\" content=\"Est. reading time\" \/>\n\t<meta name=\"twitter:data1\" content=\"1 minute\" \/>\n<script type=\"application\/ld+json\" class=\"yoast-schema-graph\">{\"@context\":\"https:\\\/\\\/schema.org\",\"@graph\":[{\"@type\":\"WebPage\",\"@id\":\"https:\\\/\\\/www.ahmotuote.fi\\\/en\\\/services\\\/\",\"url\":\"https:\\\/\\\/www.ahmotuote.fi\\\/en\\\/services\\\/\",\"name\":\"Services - Ahmotuote Oy - voimansiirron komponentit ja koneenosat\",\"isPartOf\":{\"@id\":\"https:\\\/\\\/www.ahmotuote.fi\\\/#website\"},\"datePublished\":\"2020-11-23T09:58:42+00:00\",\"dateModified\":\"2025-07-04T14:12:01+00:00\",\"breadcrumb\":{\"@id\":\"https:\\\/\\\/www.ahmotuote.fi\\\/en\\\/services\\\/#breadcrumb\"},\"inLanguage\":\"en-US\",\"potentialAction\":[{\"@type\":\"ReadAction\",\"target\":[\"https:\\\/\\\/www.ahmotuote.fi\\\/en\\\/services\\\/\"]}]},{\"@type\":\"BreadcrumbList\",\"@id\":\"https:\\\/\\\/www.ahmotuote.fi\\\/en\\\/services\\\/#breadcrumb\",\"itemListElement\":[{\"@type\":\"ListItem\",\"position\":1,\"name\":\"Etusivu\",\"item\":\"https:\\\/\\\/www.ahmotuote.fi\\\/en\\\/\"},{\"@type\":\"ListItem\",\"position\":2,\"name\":\"Services\"}]},{\"@type\":\"WebSite\",\"@id\":\"https:\\\/\\\/www.ahmotuote.fi\\\/#website\",\"url\":\"https:\\\/\\\/www.ahmotuote.fi\\\/\",\"name\":\"Ahmotuote Oy - voimansiirron komponentit ja koneenosat\",\"description\":\"Meilt\u00e4 saat laadukkaat voimansiirtokomponentit ja koneenosat. Ota yhteytt\u00e4! Yksitt\u00e4iskappaleista sarjatuotantoon. K\u00e4yt\u00f6ss\u00e4mme on monipuoliset ty\u00f6st\u00f6menetelm\u00e4t. Asiantunteva palvelu. Joustavat ratkaisut. Laaja konekanta. Laadukkaat tuotteet\",\"potentialAction\":[{\"@type\":\"SearchAction\",\"target\":{\"@type\":\"EntryPoint\",\"urlTemplate\":\"https:\\\/\\\/www.ahmotuote.fi\\\/?s={search_term_string}\"},\"query-input\":{\"@type\":\"PropertyValueSpecification\",\"valueRequired\":true,\"valueName\":\"search_term_string\"}}],\"inLanguage\":\"en-US\"}]}<\/script>\n<!-- \/ Yoast SEO plugin. -->","yoast_head_json":{"title":"Services - Ahmotuote Oy - voimansiirron komponentit ja koneenosat","robots":{"index":"index","follow":"follow","max-snippet":"max-snippet:-1","max-image-preview":"max-image-preview:large","max-video-preview":"max-video-preview:-1"},"canonical":"https:\/\/www.ahmotuote.fi\/en\/services\/","og_locale":"en_US","og_type":"article","og_title":"Services - Ahmotuote Oy - voimansiirron komponentit ja koneenosat","og_url":"https:\/\/www.ahmotuote.fi\/en\/services\/","og_site_name":"Ahmotuote Oy - voimansiirron komponentit ja koneenosat","article_modified_time":"2025-07-04T14:12:01+00:00","twitter_card":"summary_large_image","twitter_misc":{"Est. reading time":"1 minute"},"schema":{"@context":"https:\/\/schema.org","@graph":[{"@type":"WebPage","@id":"https:\/\/www.ahmotuote.fi\/en\/services\/","url":"https:\/\/www.ahmotuote.fi\/en\/services\/","name":"Services - Ahmotuote Oy - voimansiirron komponentit ja koneenosat","isPartOf":{"@id":"https:\/\/www.ahmotuote.fi\/#website"},"datePublished":"2020-11-23T09:58:42+00:00","dateModified":"2025-07-04T14:12:01+00:00","breadcrumb":{"@id":"https:\/\/www.ahmotuote.fi\/en\/services\/#breadcrumb"},"inLanguage":"en-US","potentialAction":[{"@type":"ReadAction","target":["https:\/\/www.ahmotuote.fi\/en\/services\/"]}]},{"@type":"BreadcrumbList","@id":"https:\/\/www.ahmotuote.fi\/en\/services\/#breadcrumb","itemListElement":[{"@type":"ListItem","position":1,"name":"Etusivu","item":"https:\/\/www.ahmotuote.fi\/en\/"},{"@type":"ListItem","position":2,"name":"Services"}]},{"@type":"WebSite","@id":"https:\/\/www.ahmotuote.fi\/#website","url":"https:\/\/www.ahmotuote.fi\/","name":"Ahmotuote Oy - voimansiirron komponentit ja koneenosat","description":"Meilt\u00e4 saat laadukkaat voimansiirtokomponentit ja koneenosat. Ota yhteytt\u00e4! Yksitt\u00e4iskappaleista sarjatuotantoon. K\u00e4yt\u00f6ss\u00e4mme on monipuoliset ty\u00f6st\u00f6menetelm\u00e4t. Asiantunteva palvelu. Joustavat ratkaisut. Laaja konekanta. Laadukkaat tuotteet","potentialAction":[{"@type":"SearchAction","target":{"@type":"EntryPoint","urlTemplate":"https:\/\/www.ahmotuote.fi\/?s={search_term_string}"},"query-input":{"@type":"PropertyValueSpecification","valueRequired":true,"valueName":"search_term_string"}}],"inLanguage":"en-US"}]}},"_links":{"self":[{"href":"https:\/\/www.ahmotuote.fi\/en\/wp-json\/wp\/v2\/pages\/169","targetHints":{"allow":["GET"]}}],"collection":[{"href":"https:\/\/www.ahmotuote.fi\/en\/wp-json\/wp\/v2\/pages"}],"about":[{"href":"https:\/\/www.ahmotuote.fi\/en\/wp-json\/wp\/v2\/types\/page"}],"author":[{"embeddable":true,"href":"https:\/\/www.ahmotuote.fi\/en\/wp-json\/wp\/v2\/users\/2"}],"replies":[{"embeddable":true,"href":"https:\/\/www.ahmotuote.fi\/en\/wp-json\/wp\/v2\/comments?post=169"}],"version-history":[{"count":10,"href":"https:\/\/www.ahmotuote.fi\/en\/wp-json\/wp\/v2\/pages\/169\/revisions"}],"predecessor-version":[{"id":4559,"href":"https:\/\/www.ahmotuote.fi\/en\/wp-json\/wp\/v2\/pages\/169\/revisions\/4559"}],"wp:attachment":[{"href":"https:\/\/www.ahmotuote.fi\/en\/wp-json\/wp\/v2\/media?parent=169"}],"curies":[{"name":"wp","href":"https:\/\/api.w.org\/{rel}","templated":true}]}}